{"id":1510,"date":"2022-04-20T13:23:48","date_gmt":"2022-04-20T11:23:48","guid":{"rendered":"https:\/\/development2.jut-so.de\/welst\/el-equipo\/"},"modified":"2025-05-02T07:04:28","modified_gmt":"2025-05-02T07:04:28","slug":"el-equipo","status":"publish","type":"page","link":"https:\/\/www.welst-assekuranz.de\/es\/el-equipo\/","title":{"rendered":"El equipo"},"content":{"rendered":"\t\t<div data-elementor-type=\"wp-page\" data-elementor-id=\"1510\" class=\"elementor elementor-1510 elementor-797\" data-elementor-post-type=\"page\">\n\t\t\t\t\t\t<section class=\"elementor-section elementor-top-section elementor-element elementor-element-30b610b elementor-section-height-min-height elementor-reverse-mobile elementor-section-boxed elementor-section-height-default elementor-section-items-middle\" data-id=\"30b610b\" data-element_type=\"section\" data-settings=\"{&quot;background_background&quot;:&quot;classic&quot;}\">\n\t\t\t\t\t\t\t<div class=\"elementor-background-overlay\"><\/div>\n\t\t\t\t\t\t\t<div class=\"elementor-container elementor-column-gap-default\">\n\t\t\t\t\t<div class=\"elementor-column elementor-col-50 elementor-top-column elementor-element elementor-element-100293c\" data-id=\"100293c\" data-element_type=\"column\" data-settings=\"{&quot;background_background&quot;:&quot;classic&quot;}\">\n\t\t\t<div class=\"elementor-widget-wrap elementor-element-populated\">\n\t\t\t\t\t\t<div class=\"elementor-element elementor-element-ab607f1 elementor-widget elementor-widget-heading\" data-id=\"ab607f1\" data-element_type=\"widget\" data-widget_type=\"heading.default\">\n\t\t\t\t<div class=\"elementor-widget-container\">\n\t\t\t\t\t<h1 class=\"elementor-heading-title elementor-size-default\">El equipo se presenta.<\/h1>\t\t\t\t<\/div>\n\t\t\t\t<\/div>\n\t\t\t\t\t<\/div>\n\t\t<\/div>\n\t\t\t\t<div class=\"elementor-column elementor-col-50 elementor-top-column elementor-element elementor-element-9da6424\" data-id=\"9da6424\" data-element_type=\"column\">\n\t\t\t<div class=\"elementor-widget-wrap elementor-element-populated\">\n\t\t\t\t\t\t<div class=\"elementor-element elementor-element-4b7ab6f elementor-absolute welst-parallax elementor-widget elementor-widget-image\" data-id=\"4b7ab6f\" data-element_type=\"widget\" data-settings=\"{&quot;_position&quot;:&quot;absolute&quot;}\" data-widget_type=\"image.default\">\n\t\t\t\t<div class=\"elementor-widget-container\">\n\t\t\t\t\t\t\t\t\t\t\t\t\t\t\t<img fetchpriority=\"high\" decoding=\"async\" width=\"800\" height=\"700\" src=\"https:\/\/www.welst-assekuranz.de\/wp-content\/uploads\/2025\/05\/home-collage-updated-1024x896.png\" class=\"attachment-large size-large wp-image-2404\" alt=\"Welst B\u00fcro und Team\" srcset=\"https:\/\/www.welst-assekuranz.de\/wp-content\/uploads\/2025\/05\/home-collage-updated-1024x896.png 1024w, https:\/\/www.welst-assekuranz.de\/wp-content\/uploads\/2025\/05\/home-collage-updated-300x263.png 300w, https:\/\/www.welst-assekuranz.de\/wp-content\/uploads\/2025\/05\/home-collage-updated-768x672.png 768w, https:\/\/www.welst-assekuranz.de\/wp-content\/uploads\/2025\/05\/home-collage-updated.png 1300w\" sizes=\"(max-width: 800px) 100vw, 800px\" \/>\t\t\t\t\t\t\t\t\t\t\t\t\t\t\t<\/div>\n\t\t\t\t<\/div>\n\t\t\t\t\t<\/div>\n\t\t<\/div>\n\t\t\t\t\t<\/div>\n\t\t<\/section>\n\t\t\t\t<section class=\"elementor-section elementor-top-section elementor-element elementor-element-2684bf1 elementor-section-boxed elementor-section-height-default elementor-section-height-default\" data-id=\"2684bf1\" data-element_type=\"section\">\n\t\t\t\t\t\t<div class=\"elementor-container elementor-column-gap-default\">\n\t\t\t\t\t<div class=\"elementor-column elementor-col-100 elementor-top-column elementor-element elementor-element-36cbfbe\" data-id=\"36cbfbe\" data-element_type=\"column\">\n\t\t\t<div class=\"elementor-widget-wrap elementor-element-populated\">\n\t\t\t\t\t\t<div class=\"elementor-element elementor-element-07bafc2 elementor-widget elementor-widget-text-editor\" data-id=\"07bafc2\" data-element_type=\"widget\" data-widget_type=\"text-editor.default\">\n\t\t\t\t<div class=\"elementor-widget-container\">\n\t\t\t\t\t\t\t\t\t<p>Llevamos m\u00e1s de 50 a\u00f1os viviendo nuestros valores. El nombre de Welst Assekuranz es ante todo sin\u00f3nimo de confianza y colaboraci\u00f3n a largo plazo. Como el mayor corredor de seguros independiente gestionado por sus propietarios de Berl\u00edn, combinamos tradici\u00f3n y modernidad.<\/p><p>Conseguimos el alto nivel de satisfacci\u00f3n de nuestros clientes cada d\u00eda gracias a una gran dedicaci\u00f3n y persormancia, as\u00ed como a una fiabilidad absoluta. Este es el factor decisivo que nos convierte en su mejor recomendaci\u00f3n.<\/p>\t\t\t\t\t\t\t\t<\/div>\n\t\t\t\t<\/div>\n\t\t\t\t\t<\/div>\n\t\t<\/div>\n\t\t\t\t\t<\/div>\n\t\t<\/section>\n\t\t\t\t<section class=\"elementor-section elementor-top-section elementor-element elementor-element-e371331 elementor-section-boxed elementor-section-height-default elementor-section-height-default\" data-id=\"e371331\" data-element_type=\"section\" data-settings=\"{&quot;background_background&quot;:&quot;classic&quot;,&quot;background_motion_fx_motion_fx_scrolling&quot;:&quot;yes&quot;,&quot;background_motion_fx_scale_effect&quot;:&quot;yes&quot;,&quot;background_motion_fx_scale_direction&quot;:&quot;out-in&quot;,&quot;background_motion_fx_scale_speed&quot;:{&quot;unit&quot;:&quot;px&quot;,&quot;size&quot;:4,&quot;sizes&quot;:[]},&quot;background_motion_fx_scale_range&quot;:{&quot;unit&quot;:&quot;%&quot;,&quot;size&quot;:&quot;&quot;,&quot;sizes&quot;:{&quot;start&quot;:20,&quot;end&quot;:80}},&quot;background_motion_fx_devices&quot;:[&quot;desktop&quot;,&quot;tablet&quot;,&quot;mobile&quot;]}\">\n\t\t\t\t\t\t\t<div class=\"elementor-background-overlay\"><\/div>\n\t\t\t\t\t\t\t<div class=\"elementor-container elementor-column-gap-default\">\n\t\t\t\t\t<div class=\"elementor-column elementor-col-100 elementor-top-column elementor-element elementor-element-37cb5ae\" data-id=\"37cb5ae\" data-element_type=\"column\">\n\t\t\t<div class=\"elementor-widget-wrap elementor-element-populated\">\n\t\t\t\t\t\t<div class=\"elementor-element elementor-element-bb0e26d elementor-widget elementor-widget-heading\" data-id=\"bb0e26d\" data-element_type=\"widget\" data-widget_type=\"heading.default\">\n\t\t\t\t<div class=\"elementor-widget-container\">\n\t\t\t\t\t<h2 class=\"elementor-heading-title elementor-size-default\">\u00bbMi sastre toma nuevas medidas cada vez, mientras que todos los dem\u00e1s siempre se ponen las viejas, pensando que todav\u00eda les quedan bien.\u00ab<\/h2>\t\t\t\t<\/div>\n\t\t\t\t<\/div>\n\t\t\t\t<div class=\"elementor-element elementor-element-558073d elementor-widget elementor-widget-heading\" data-id=\"558073d\" data-element_type=\"widget\" data-widget_type=\"heading.default\">\n\t\t\t\t<div class=\"elementor-widget-container\">\n\t\t\t\t\t<h4 class=\"elementor-heading-title elementor-size-default\">George Bernard Shaw<\/h4>\t\t\t\t<\/div>\n\t\t\t\t<\/div>\n\t\t\t\t\t<\/div>\n\t\t<\/div>\n\t\t\t\t\t<\/div>\n\t\t<\/section>\n\t\t\t\t<section class=\"elementor-section elementor-top-section elementor-element elementor-element-b94d145 elementor-section-boxed elementor-section-height-default elementor-section-height-default\" data-id=\"b94d145\" data-element_type=\"section\">\n\t\t\t\t\t\t<div class=\"elementor-container elementor-column-gap-default\">\n\t\t\t\t\t<div class=\"elementor-column elementor-col-33 elementor-top-column elementor-element elementor-element-82a1074\" data-id=\"82a1074\" data-element_type=\"column\">\n\t\t\t<div class=\"elementor-widget-wrap elementor-element-populated\">\n\t\t\t\t\t\t<div class=\"elementor-element elementor-element-9eeb0bd team_card welst-fade-in-top elementor-position-top elementor-widget elementor-widget-image-box\" data-id=\"9eeb0bd\" data-element_type=\"widget\" data-widget_type=\"image-box.default\">\n\t\t\t\t<div class=\"elementor-widget-container\">\n\t\t\t\t\t<div class=\"elementor-image-box-wrapper\"><figure class=\"elementor-image-box-img\"><img decoding=\"async\" width=\"500\" height=\"662\" src=\"https:\/\/www.welst-assekuranz.de\/wp-content\/uploads\/2022\/04\/volker_e_welst_grunder.png\" class=\"attachment-large size-large wp-image-1466\" alt=\"Volker E. Welst\" srcset=\"https:\/\/www.welst-assekuranz.de\/wp-content\/uploads\/2022\/04\/volker_e_welst_grunder.png 500w, https:\/\/www.welst-assekuranz.de\/wp-content\/uploads\/2022\/04\/volker_e_welst_grunder-227x300.png 227w\" sizes=\"(max-width: 500px) 100vw, 500px\" \/><\/figure><div class=\"elementor-image-box-content\"><h4 class=\"elementor-image-box-title\">Volker E. Welst<\/h4><p class=\"elementor-image-box-description\">Fundador y propietario desde 1969<\/p><\/div><\/div>\t\t\t\t<\/div>\n\t\t\t\t<\/div>\n\t\t\t\t\t<\/div>\n\t\t<\/div>\n\t\t\t\t<div class=\"elementor-column elementor-col-33 elementor-top-column elementor-element elementor-element-02dbf87\" data-id=\"02dbf87\" data-element_type=\"column\">\n\t\t\t<div class=\"elementor-widget-wrap elementor-element-populated\">\n\t\t\t\t\t\t<div class=\"elementor-element elementor-element-2cbe90e team_card welst-fade-in-top elementor-position-top elementor-widget elementor-widget-image-box\" data-id=\"2cbe90e\" data-element_type=\"widget\" data-widget_type=\"image-box.default\">\n\t\t\t\t<div class=\"elementor-widget-container\">\n\t\t\t\t\t<div class=\"elementor-image-box-wrapper\"><figure class=\"elementor-image-box-img\"><img decoding=\"async\" width=\"500\" height=\"662\" src=\"https:\/\/www.welst-assekuranz.de\/wp-content\/uploads\/2022\/04\/luisa_l_welst_ba.png\" class=\"attachment-large size-large wp-image-1463\" alt=\"Luisa L. Welst\" srcset=\"https:\/\/www.welst-assekuranz.de\/wp-content\/uploads\/2022\/04\/luisa_l_welst_ba.png 500w, https:\/\/www.welst-assekuranz.de\/wp-content\/uploads\/2022\/04\/luisa_l_welst_ba-227x300.png 227w\" sizes=\"(max-width: 500px) 100vw, 500px\" \/><\/figure><div class=\"elementor-image-box-content\"><h4 class=\"elementor-image-box-title\">Luisa L. Welst<\/h4><p class=\"elementor-image-box-description\">En la empresa desde 2018<br><i>Business Economics (B.A.)<\/i>\n<\/p><\/div><\/div>\t\t\t\t<\/div>\n\t\t\t\t<\/div>\n\t\t\t\t\t<\/div>\n\t\t<\/div>\n\t\t\t\t<div class=\"elementor-column elementor-col-33 elementor-top-column elementor-element elementor-element-2b421b5\" data-id=\"2b421b5\" data-element_type=\"column\">\n\t\t\t<div class=\"elementor-widget-wrap elementor-element-populated\">\n\t\t\t\t\t\t<div class=\"elementor-element elementor-element-dfe33d9 team_card welst-fade-in-top elementor-position-top elementor-widget elementor-widget-image-box\" data-id=\"dfe33d9\" data-element_type=\"widget\" data-widget_type=\"image-box.default\">\n\t\t\t\t<div class=\"elementor-widget-container\">\n\t\t\t\t\t<div class=\"elementor-image-box-wrapper\"><figure class=\"elementor-image-box-img\"><img loading=\"lazy\" decoding=\"async\" width=\"500\" height=\"662\" src=\"https:\/\/www.welst-assekuranz.de\/wp-content\/uploads\/2025\/04\/welst-anon.png\" class=\"attachment-large size-large wp-image-2387\" alt=\"Anon\" srcset=\"https:\/\/www.welst-assekuranz.de\/wp-content\/uploads\/2025\/04\/welst-anon.png 500w, https:\/\/www.welst-assekuranz.de\/wp-content\/uploads\/2025\/04\/welst-anon-227x300.png 227w\" sizes=\"(max-width: 500px) 100vw, 500px\" \/><\/figure><div class=\"elementor-image-box-content\"><h4 class=\"elementor-image-box-title\">Alexander Dombrowski (B.A)<\/h4><\/div><\/div>\t\t\t\t<\/div>\n\t\t\t\t<\/div>\n\t\t\t\t\t<\/div>\n\t\t<\/div>\n\t\t\t\t\t<\/div>\n\t\t<\/section>\n\t\t\t\t<section class=\"elementor-section elementor-top-section elementor-element elementor-element-5c6bfd5 elementor-section-boxed elementor-section-height-default elementor-section-height-default\" data-id=\"5c6bfd5\" data-element_type=\"section\">\n\t\t\t\t\t\t<div class=\"elementor-container elementor-column-gap-default\">\n\t\t\t\t\t<div class=\"elementor-column elementor-col-33 elementor-top-column elementor-element elementor-element-8164359\" data-id=\"8164359\" data-element_type=\"column\">\n\t\t\t<div class=\"elementor-widget-wrap elementor-element-populated\">\n\t\t\t\t\t\t<div class=\"elementor-element elementor-element-d964cc2 team_card welst-fade-in-top elementor-position-top elementor-widget elementor-widget-image-box\" data-id=\"d964cc2\" data-element_type=\"widget\" data-widget_type=\"image-box.default\">\n\t\t\t\t<div class=\"elementor-widget-container\">\n\t\t\t\t\t<div class=\"elementor-image-box-wrapper\"><figure class=\"elementor-image-box-img\"><img loading=\"lazy\" decoding=\"async\" width=\"500\" height=\"662\" src=\"https:\/\/www.welst-assekuranz.de\/wp-content\/uploads\/2025\/04\/anonia.png\" class=\"attachment-large size-large wp-image-2390\" alt=\"Anonia\" srcset=\"https:\/\/www.welst-assekuranz.de\/wp-content\/uploads\/2025\/04\/anonia.png 500w, https:\/\/www.welst-assekuranz.de\/wp-content\/uploads\/2025\/04\/anonia-227x300.png 227w\" sizes=\"(max-width: 500px) 100vw, 500px\" \/><\/figure><div class=\"elementor-image-box-content\"><h4 class=\"elementor-image-box-title\">Angela Moayedi<\/h4><\/div><\/div>\t\t\t\t<\/div>\n\t\t\t\t<\/div>\n\t\t\t\t\t<\/div>\n\t\t<\/div>\n\t\t\t\t<div class=\"elementor-column elementor-col-33 elementor-top-column elementor-element elementor-element-a1d783f\" data-id=\"a1d783f\" data-element_type=\"column\">\n\t\t\t<div class=\"elementor-widget-wrap\">\n\t\t\t\t\t\t\t<\/div>\n\t\t<\/div>\n\t\t\t\t<div class=\"elementor-column elementor-col-33 elementor-top-column elementor-element elementor-element-c1903d0\" data-id=\"c1903d0\" data-element_type=\"column\">\n\t\t\t<div class=\"elementor-widget-wrap\">\n\t\t\t\t\t\t\t<\/div>\n\t\t<\/div>\n\t\t\t\t\t<\/div>\n\t\t<\/section>\n\t\t\t\t<section class=\"elementor-section elementor-top-section elementor-element elementor-element-2f29e2d elementor-section-boxed elementor-section-height-default elementor-section-height-default\" data-id=\"2f29e2d\" data-element_type=\"section\">\n\t\t\t\t\t\t<div class=\"elementor-container elementor-column-gap-default\">\n\t\t\t\t\t<div class=\"elementor-column elementor-col-100 elementor-top-column elementor-element elementor-element-92d859f\" data-id=\"92d859f\" data-element_type=\"column\">\n\t\t\t<div class=\"elementor-widget-wrap elementor-element-populated\">\n\t\t\t\t\t\t<div class=\"elementor-element elementor-element-e75d56b welst-fade-in-top elementor-widget elementor-widget-ucaddon_masonry_image_gallery\" data-id=\"e75d56b\" data-element_type=\"widget\" data-widget_type=\"ucaddon_masonry_image_gallery.default\">\n\t\t\t\t<div class=\"elementor-widget-container\">\n\t\t\t\t\t\n<!-- start Masonry Image Gallery -->\n<style>\/* widget: Masonry Image Gallery *\/\n\n#uc_masonry_image_gallery_elementor_e75d56b .item img{\n    height: 100%;\n    width: 100%;\n    object-fit: cover;\n  \tborder-radius:20px;\n}\n\n#uc_masonry_image_gallery_elementor_e75d56b .item-container{\n  display:grid;\n  grid-gap: 20px;\n}\n\n@media screen and (min-width:767px){\n  #uc_masonry_image_gallery_elementor_e75d56b .item-container{\n      grid-template-columns: 1fr 1fr 1fr 1fr;\n      grid-template-rows: 1fr 1fr ;\n  }\n  \n  #uc_masonry_image_gallery_elementor_e75d56b .item-container .item:nth-child(3){\n      grid-row-start: 2;\n      grid-row-end: 2;\n      grid-column-start: 1;\n      grid-column-end: 3;\n      max-height: 270px;\n  }\n\n\n  #uc_masonry_image_gallery_elementor_e75d56b .item-container .item:nth-child(4){\n      grid-row-start: 1;\n      grid-row-end: 3;\n      grid-column-start: 3;\n      grid-column-end: 5;\n  }\n\n}\n\n<\/style>\n\n<div id=\"uc_masonry_image_gallery_elementor_e75d56b\" class=\"masonry_image_gallery\">\n  <div class=\"item-container masonry\">\n    <div class=\"item welst-border-radius\">\n   \t<img loading=\"lazy\" decoding=\"async\" width=\"1440\" height=\"669\" src=\"https:\/\/www.welst-assekuranz.de\/wp-content\/uploads\/2022\/03\/welst-assekuranz-buero-1024x476.jpg\" alt=\"welst-assekuranz-buero\">\n<\/div>\n<div class=\"item welst-border-radius\">\n   \t<img loading=\"lazy\" decoding=\"async\" width=\"2048\" height=\"1365\" src=\"https:\/\/www.welst-assekuranz.de\/wp-content\/uploads\/2022\/04\/welst-team3-1024x683.jpg\" alt=\"welst-team3\">\n<\/div>\n<div class=\"item welst-border-radius\">\n   \t<img loading=\"lazy\" decoding=\"async\" width=\"2048\" height=\"1365\" src=\"https:\/\/www.welst-assekuranz.de\/wp-content\/uploads\/2022\/04\/welst-team2-1024x683.jpg\" alt=\"welst-team2\">\n<\/div>\n<div class=\"item welst-border-radius\">\n   \t<img loading=\"lazy\" decoding=\"async\" width=\"630\" height=\"541\" src=\"https:\/\/www.welst-assekuranz.de\/wp-content\/uploads\/2022\/04\/welst-team4.jpg\" alt=\"welst-team4\">\n<\/div>\n\n  <\/div>\n<\/div>\n<!-- end Masonry Image Gallery -->\t\t\t\t<\/div>\n\t\t\t\t<\/div>\n\t\t\t\t\t<\/div>\n\t\t<\/div>\n\t\t\t\t\t<\/div>\n\t\t<\/section>\n\t\t\t\t<section class=\"elementor-section elementor-top-section elementor-element elementor-element-3a1b208 elementor-section-height-min-height elementor-section-boxed elementor-section-height-default elementor-section-items-middle\" data-id=\"3a1b208\" data-element_type=\"section\" data-settings=\"{&quot;background_background&quot;:&quot;classic&quot;}\">\n\t\t\t\t\t\t<div class=\"elementor-container elementor-column-gap-default\">\n\t\t\t\t\t<div class=\"elementor-column elementor-col-100 elementor-top-column elementor-element elementor-element-68d9119\" data-id=\"68d9119\" data-element_type=\"column\">\n\t\t\t<div class=\"elementor-widget-wrap\">\n\t\t\t\t\t\t\t<\/div>\n\t\t<\/div>\n\t\t\t\t\t<\/div>\n\t\t<\/section>\n\t\t\t\t<\/div>\n\t\t","protected":false},"excerpt":{"rendered":"<p>El equipo se presenta. Llevamos m\u00e1s de 50 a\u00f1os viviendo nuestros valores. El nombre de Welst Assekuranz es ante todo sin\u00f3nimo de confianza y colaboraci\u00f3n a largo plazo. Como el mayor corredor de seguros independiente gestionado por sus propietarios de Berl\u00edn, combinamos tradici\u00f3n y modernidad. Conseguimos el alto nivel de satisfacci\u00f3n de nuestros clientes cada [&hellip;]<\/p>\n","protected":false},"author":1,"featured_media":0,"parent":0,"menu_order":0,"comment_status":"closed","ping_status":"closed","template":"elementor_header_footer","meta":{"footnotes":""},"class_list":["post-1510","page","type-page","status-publish","hentry"],"_links":{"self":[{"href":"https:\/\/www.welst-assekuranz.de\/es\/wp-json\/wp\/v2\/pages\/1510","targetHints":{"allow":["GET"]}}],"collection":[{"href":"https:\/\/www.welst-assekuranz.de\/es\/wp-json\/wp\/v2\/pages"}],"about":[{"href":"https:\/\/www.welst-assekuranz.de\/es\/wp-json\/wp\/v2\/types\/page"}],"author":[{"embeddable":true,"href":"https:\/\/www.welst-assekuranz.de\/es\/wp-json\/wp\/v2\/users\/1"}],"replies":[{"embeddable":true,"href":"https:\/\/www.welst-assekuranz.de\/es\/wp-json\/wp\/v2\/comments?post=1510"}],"version-history":[{"count":19,"href":"https:\/\/www.welst-assekuranz.de\/es\/wp-json\/wp\/v2\/pages\/1510\/revisions"}],"predecessor-version":[{"id":2414,"href":"https:\/\/www.welst-assekuranz.de\/es\/wp-json\/wp\/v2\/pages\/1510\/revisions\/2414"}],"wp:attachment":[{"href":"https:\/\/www.welst-assekuranz.de\/es\/wp-json\/wp\/v2\/media?parent=1510"}],"curies":[{"name":"wp","href":"https:\/\/api.w.org\/{rel}","templated":true}]}}